{"id":151,"date":"2025-12-08T22:56:55","date_gmt":"2025-12-08T22:56:55","guid":{"rendered":"https:\/\/notari-danvalericasiasociatii.ro\/?page_id=151"},"modified":"2025-12-08T22:56:55","modified_gmt":"2025-12-08T22:56:55","slug":"notarielle-verfahren","status":"publish","type":"page","link":"https:\/\/notari-danvalericasiasociatii.ro\/index.php\/de\/notarielle-verfahren\/","title":{"rendered":"Notarielle Verfahren"},"content":{"rendered":"\n<p>Unser Notarb\u00fcro bietet ein umfassendes Spektrum an notariellen Verfahren, die mit Professionalit\u00e4t, Schnelligkeit und strikter Einhaltung der geltenden gesetzlichen Bestimmungen durchgef\u00fchrt werden. Wir \u00fcbernehmen die Beglaubigung von Dokumenten, Legalisationen, Zertifizierungen sowie weitere Dienstleistungen zur offiziellen Best\u00e4tigung rechtlicher Sachverhalte. Jede Verfahren wird mit gro\u00dfer Sorgfalt ausgef\u00fchrt, um die rechtliche Sicherheit unserer Mandanten zu gew\u00e4hrleisten.<\/p>\n","protected":false},"excerpt":{"rendered":"<p>Unser Notarb\u00fcro bietet ein umfassendes Spektrum an notariellen Verfahren, die mit Professionalit\u00e4t, Schnelligkeit und strikter Einhaltung der geltenden gesetzlichen Bestimmungen [&hellip;]<\/p>\n","protected":false},"author":1,"featured_media":0,"parent":0,"menu_order":0,"comment_status":"closed","ping_status":"closed","template":"","meta":{"site-sidebar-layout":"default","site-content-layout":"","ast-site-content-layout":"default","site-content-style":"default","site-sidebar-style":"default","ast-global-header-display":"","ast-banner-title-visibility":"","ast-main-header-display":"","ast-hfb-above-header-display":"","ast-hfb-below-header-display":"","ast-hfb-mobile-header-display":"","site-post-title":"","ast-breadcrumbs-content":"","ast-featured-img":"","footer-sml-layout":"","ast-disable-related-posts":"","theme-transparent-header-meta":"","adv-header-id-meta":"","stick-header-meta":"","header-above-stick-meta":"","header-main-stick-meta":"","header-below-stick-meta":"","astra-migrate-meta-layouts":"default","ast-page-background-enabled":"default","ast-page-background-meta":{"desktop":{"background-color":"var(--ast-global-color-5)","background-image":"","background-repeat":"repeat","background-position":"center center","background-size":"auto","background-attachment":"scroll","background-type":"","background-media":"","overlay-type":"","overlay-color":"","overlay-opacity":"","overlay-gradient":""},"tablet":{"background-color":"","background-image":"","background-repeat":"repeat","background-position":"center center","background-size":"auto","background-attachment":"scroll","background-type":"","background-media":"","overlay-type":"","overlay-color":"","overlay-opacity":"","overlay-gradient":""},"mobile":{"background-color":"","background-image":"","background-repeat":"repeat","background-position":"center center","background-size":"auto","background-attachment":"scroll","background-type":"","background-media":"","overlay-type":"","overlay-color":"","overlay-opacity":"","overlay-gradient":""}},"ast-content-background-meta":{"desktop":{"background-color":"var(--ast-global-color-4)","background-image":"","background-repeat":"repeat","background-position":"center center","background-size":"auto","background-attachment":"scroll","background-type":"","background-media":"","overlay-type":"","overlay-color":"","overlay-opacity":"","overlay-gradient":""},"tablet":{"background-color":"var(--ast-global-color-4)","background-image":"","background-repeat":"repeat","background-position":"center center","background-size":"auto","background-attachment":"scroll","background-type":"","background-media":"","overlay-type":"","overlay-color":"","overlay-opacity":"","overlay-gradient":""},"mobile":{"background-color":"var(--ast-global-color-4)","background-image":"","background-repeat":"repeat","background-position":"center center","background-size":"auto","background-attachment":"scroll","background-type":"","background-media":"","overlay-type":"","overlay-color":"","overlay-opacity":"","overlay-gradient":""}},"footnotes":""},"class_list":["post-151","page","type-page","status-publish","hentry"],"yoast_head":"<!-- This site is optimized with the Yoast SEO plugin v26.5 - https:\/\/yoast.com\/wordpress\/plugins\/seo\/ -->\n<title>Notarielle Verfahren -<\/title>\n<meta name=\"robots\" content=\"index, follow, max-snippet:-1, max-image-preview:large, max-video-preview:-1\" \/>\n<link rel=\"canonical\" href=\"https:\/\/notari-danvalericasiasociatii.ro\/index.php\/de\/notarielle-verfahren\/\" \/>\n<meta property=\"og:locale\" content=\"en_US\" \/>\n<meta property=\"og:type\" content=\"article\" \/>\n<meta property=\"og:title\" content=\"Notarielle Verfahren -\" \/>\n<meta property=\"og:description\" content=\"Unser Notarb\u00fcro bietet ein umfassendes Spektrum an notariellen Verfahren, die mit Professionalit\u00e4t, Schnelligkeit und strikter Einhaltung der geltenden gesetzlichen Bestimmungen [&hellip;]\" \/>\n<meta property=\"og:url\" content=\"https:\/\/notari-danvalericasiasociatii.ro\/index.php\/de\/notarielle-verfahren\/\" \/>\n<meta name=\"twitter:card\" content=\"summary_large_image\" \/>\n<script type=\"application\/ld+json\" class=\"yoast-schema-graph\">{\"@context\":\"https:\/\/schema.org\",\"@graph\":[{\"@type\":\"WebPage\",\"@id\":\"https:\/\/notari-danvalericasiasociatii.ro\/index.php\/de\/notarielle-verfahren\/\",\"url\":\"https:\/\/notari-danvalericasiasociatii.ro\/index.php\/de\/notarielle-verfahren\/\",\"name\":\"Notarielle Verfahren -\",\"isPartOf\":{\"@id\":\"https:\/\/notari-danvalericasiasociatii.ro\/#website\"},\"datePublished\":\"2025-12-08T22:56:55+00:00\",\"breadcrumb\":{\"@id\":\"https:\/\/notari-danvalericasiasociatii.ro\/index.php\/de\/notarielle-verfahren\/#breadcrumb\"},\"inLanguage\":\"en-US\",\"potentialAction\":[{\"@type\":\"ReadAction\",\"target\":[\"https:\/\/notari-danvalericasiasociatii.ro\/index.php\/de\/notarielle-verfahren\/\"]}]},{\"@type\":\"BreadcrumbList\",\"@id\":\"https:\/\/notari-danvalericasiasociatii.ro\/index.php\/de\/notarielle-verfahren\/#breadcrumb\",\"itemListElement\":[{\"@type\":\"ListItem\",\"position\":1,\"name\":\"Home\",\"item\":\"https:\/\/notari-danvalericasiasociatii.ro\/\"},{\"@type\":\"ListItem\",\"position\":2,\"name\":\"Notarielle Verfahren\"}]},{\"@type\":\"WebSite\",\"@id\":\"https:\/\/notari-danvalericasiasociatii.ro\/#website\",\"url\":\"https:\/\/notari-danvalericasiasociatii.ro\/\",\"name\":\"\",\"description\":\"\",\"potentialAction\":[{\"@type\":\"SearchAction\",\"target\":{\"@type\":\"EntryPoint\",\"urlTemplate\":\"https:\/\/notari-danvalericasiasociatii.ro\/?s={search_term_string}\"},\"query-input\":{\"@type\":\"PropertyValueSpecification\",\"valueRequired\":true,\"valueName\":\"search_term_string\"}}],\"inLanguage\":\"en-US\"}]}<\/script>\n<!-- \/ Yoast SEO plugin. -->","yoast_head_json":{"title":"Notarielle Verfahren -","robots":{"index":"index","follow":"follow","max-snippet":"max-snippet:-1","max-image-preview":"max-image-preview:large","max-video-preview":"max-video-preview:-1"},"canonical":"https:\/\/notari-danvalericasiasociatii.ro\/index.php\/de\/notarielle-verfahren\/","og_locale":"en_US","og_type":"article","og_title":"Notarielle Verfahren -","og_description":"Unser Notarb\u00fcro bietet ein umfassendes Spektrum an notariellen Verfahren, die mit Professionalit\u00e4t, Schnelligkeit und strikter Einhaltung der geltenden gesetzlichen Bestimmungen [&hellip;]","og_url":"https:\/\/notari-danvalericasiasociatii.ro\/index.php\/de\/notarielle-verfahren\/","twitter_card":"summary_large_image","schema":{"@context":"https:\/\/schema.org","@graph":[{"@type":"WebPage","@id":"https:\/\/notari-danvalericasiasociatii.ro\/index.php\/de\/notarielle-verfahren\/","url":"https:\/\/notari-danvalericasiasociatii.ro\/index.php\/de\/notarielle-verfahren\/","name":"Notarielle Verfahren -","isPartOf":{"@id":"https:\/\/notari-danvalericasiasociatii.ro\/#website"},"datePublished":"2025-12-08T22:56:55+00:00","breadcrumb":{"@id":"https:\/\/notari-danvalericasiasociatii.ro\/index.php\/de\/notarielle-verfahren\/#breadcrumb"},"inLanguage":"en-US","potentialAction":[{"@type":"ReadAction","target":["https:\/\/notari-danvalericasiasociatii.ro\/index.php\/de\/notarielle-verfahren\/"]}]},{"@type":"BreadcrumbList","@id":"https:\/\/notari-danvalericasiasociatii.ro\/index.php\/de\/notarielle-verfahren\/#breadcrumb","itemListElement":[{"@type":"ListItem","position":1,"name":"Home","item":"https:\/\/notari-danvalericasiasociatii.ro\/"},{"@type":"ListItem","position":2,"name":"Notarielle Verfahren"}]},{"@type":"WebSite","@id":"https:\/\/notari-danvalericasiasociatii.ro\/#website","url":"https:\/\/notari-danvalericasiasociatii.ro\/","name":"","description":"","potentialAction":[{"@type":"SearchAction","target":{"@type":"EntryPoint","urlTemplate":"https:\/\/notari-danvalericasiasociatii.ro\/?s={search_term_string}"},"query-input":{"@type":"PropertyValueSpecification","valueRequired":true,"valueName":"search_term_string"}}],"inLanguage":"en-US"}]}},"_links":{"self":[{"href":"https:\/\/notari-danvalericasiasociatii.ro\/index.php\/wp-json\/wp\/v2\/pages\/151","targetHints":{"allow":["GET"]}}],"collection":[{"href":"https:\/\/notari-danvalericasiasociatii.ro\/index.php\/wp-json\/wp\/v2\/pages"}],"about":[{"href":"https:\/\/notari-danvalericasiasociatii.ro\/index.php\/wp-json\/wp\/v2\/types\/page"}],"author":[{"embeddable":true,"href":"https:\/\/notari-danvalericasiasociatii.ro\/index.php\/wp-json\/wp\/v2\/users\/1"}],"replies":[{"embeddable":true,"href":"https:\/\/notari-danvalericasiasociatii.ro\/index.php\/wp-json\/wp\/v2\/comments?post=151"}],"version-history":[{"count":1,"href":"https:\/\/notari-danvalericasiasociatii.ro\/index.php\/wp-json\/wp\/v2\/pages\/151\/revisions"}],"predecessor-version":[{"id":152,"href":"https:\/\/notari-danvalericasiasociatii.ro\/index.php\/wp-json\/wp\/v2\/pages\/151\/revisions\/152"}],"wp:attachment":[{"href":"https:\/\/notari-danvalericasiasociatii.ro\/index.php\/wp-json\/wp\/v2\/media?parent=151"}],"curies":[{"name":"wp","href":"https:\/\/api.w.org\/{rel}","templated":true}]}}