{"id":156,"date":"2025-12-08T23:09:46","date_gmt":"2025-12-08T23:09:46","guid":{"rendered":"https:\/\/notari-danvalericasiasociatii.ro\/?page_id=156"},"modified":"2026-01-12T09:44:45","modified_gmt":"2026-01-12T09:44:45","slug":"servicii","status":"publish","type":"page","link":"https:\/\/notari-danvalericasiasociatii.ro\/index.php\/servicii\/","title":{"rendered":"Servicii"},"content":{"rendered":"\n<h2 class=\"wp-block-heading\">Proceduri notariale<\/h2>\n\n\n\n<p>Biroul nostru notarial ofer\u0103 o gam\u0103 complet\u0103 de proceduri notariale, realizate cu profesionalism, promptitudine \u0219i respectarea strict\u0103 a legisla\u021biei \u00een vigoare. Asigur\u0103m autentificarea documentelor, legaliz\u0103ri, certific\u0103ri \u0219i alte acte necesare pentru validarea oficial\u0103 a situa\u021biilor juridice. Fiecare procedur\u0103 este efectuat\u0103 cu aten\u021bie la detalii, pentru a garanta siguran\u021ba juridic\u0103 a clien\u021bilor no\u0219tri.<\/p>\n\n\n\n<hr class=\"wp-block-separator has-alpha-channel-opacity\"\/>\n\n\n\n<h2 class=\"wp-block-heading\">Procuri<\/h2>\n\n\n\n<p><strong>Procuri<\/strong> pentru diverse opera\u021biuni.<br>Procur\u0103 pentru v\u00e2nzarea imobilelor, procur\u0103 pentru cump\u0103rarea imobilelor, procedur\u0103 de administrare a bunurilor imobile.<\/p>\n\n\n\n<hr class=\"wp-block-separator has-alpha-channel-opacity\"\/>\n\n\n\n<h2 class=\"wp-block-heading\">Contracte<\/h2>\n\n\n\n<p>Oferim redactare, autentificare \u0219i consultan\u021b\u0103 pentru diverse tipuri de contracte: v\u00e2nzare-cump\u0103rare, dona\u021bie, \u00eentre\u021binere, schimb, partaj \u0219i altele. Ne asigur\u0103m c\u0103 documentele sunt redactate corect \u0219i complet, pentru a proteja interesele p\u0103r\u021bilor implicate \u0219i pentru a preveni eventuale litigii.<\/p>\n\n\n\n<hr class=\"wp-block-separator has-alpha-channel-opacity\"\/>\n\n\n\n<h2 class=\"wp-block-heading\">Mo\u0219tenire \/ Proceduri succesorale<\/h2>\n\n\n\n<p>Biroul nostru notarial ofer\u0103 asisten\u021b\u0103 complet\u0103 \u00een procedurile succesorale, de la deschiderea succesiunii p\u00e2n\u0103 la eliberarea certificatelor de mo\u0219tenitor. Oferim consultan\u021b\u0103 privind actele necesare, drepturile mo\u0219tenitorilor \u0219i pa\u0219ii de urmat, asigur\u00e2nd o solu\u021bionare eficient\u0103 \u0219i legal\u0103 a succesiunii.<\/p>\n\n\n\n<h2 class=\"wp-block-heading\">Divor\u021b \u0219i conven\u021bii matrimoniale<\/h2>\n\n\n\n<p>Oferim consultan\u021b\u0103 \u0219i \u00eentocmirea actelor notariale pentru divor\u021b \u0219i conven\u021bii matrimoniale, asigur\u00e2nd c\u0103 toate procedurile sunt legale \u0219i corect documentate.<\/p>\n\n\n\n<hr class=\"wp-block-separator has-alpha-channel-opacity\"\/>\n\n\n\n<p><\/p>\n","protected":false},"excerpt":{"rendered":"<p>Proceduri notariale Biroul nostru notarial ofer\u0103 o gam\u0103 complet\u0103 de proceduri notariale, realizate cu profesionalism, promptitudine \u0219i respectarea strict\u0103 a [&hellip;]<\/p>\n","protected":false},"author":1,"featured_media":0,"parent":0,"menu_order":0,"comment_status":"closed","ping_status":"closed","template":"","meta":{"site-sidebar-layout":"default","site-content-layout":"","ast-site-content-layout":"","site-content-style":"default","site-sidebar-style":"default","ast-global-header-display":"","ast-banner-title-visibility":"","ast-main-header-display":"","ast-hfb-above-header-display":"","ast-hfb-below-header-display":"","ast-hfb-mobile-header-display":"","site-post-title":"disabled","ast-breadcrumbs-content":"","ast-featured-img":"","footer-sml-layout":"","ast-disable-related-posts":"","theme-transparent-header-meta":"","adv-header-id-meta":"","stick-header-meta":"","header-above-stick-meta":"","header-main-stick-meta":"","header-below-stick-meta":"","astra-migrate-meta-layouts":"default","ast-page-background-enabled":"default","ast-page-background-meta":{"desktop":{"background-color":"var(--ast-global-color-5)","background-image":"","background-repeat":"repeat","background-position":"center center","background-size":"auto","background-attachment":"scroll","background-type":"","background-media":"","overlay-type":"","overlay-color":"","overlay-opacity":"","overlay-gradient":""},"tablet":{"background-color":"","background-image":"","background-repeat":"repeat","background-position":"center center","background-size":"auto","background-attachment":"scroll","background-type":"","background-media":"","overlay-type":"","overlay-color":"","overlay-opacity":"","overlay-gradient":""},"mobile":{"background-color":"","background-image":"","background-repeat":"repeat","background-position":"center center","background-size":"auto","background-attachment":"scroll","background-type":"","background-media":"","overlay-type":"","overlay-color":"","overlay-opacity":"","overlay-gradient":""}},"ast-content-background-meta":{"desktop":{"background-color":"var(--ast-global-color-4)","background-image":"","background-repeat":"repeat","background-position":"center center","background-size":"auto","background-attachment":"scroll","background-type":"","background-media":"","overlay-type":"","overlay-color":"","overlay-opacity":"","overlay-gradient":""},"tablet":{"background-color":"var(--ast-global-color-4)","background-image":"","background-repeat":"repeat","background-position":"center center","background-size":"auto","background-attachment":"scroll","background-type":"","background-media":"","overlay-type":"","overlay-color":"","overlay-opacity":"","overlay-gradient":""},"mobile":{"background-color":"var(--ast-global-color-4)","background-image":"","background-repeat":"repeat","background-position":"center center","background-size":"auto","background-attachment":"scroll","background-type":"","background-media":"","overlay-type":"","overlay-color":"","overlay-opacity":"","overlay-gradient":""}},"footnotes":""},"class_list":["post-156","page","type-page","status-publish","hentry"],"yoast_head":"<!-- This site is optimized with the Yoast SEO plugin v26.5 - https:\/\/yoast.com\/wordpress\/plugins\/seo\/ -->\n<title>Servicii -<\/title>\n<meta name=\"robots\" content=\"index, follow, max-snippet:-1, max-image-preview:large, max-video-preview:-1\" \/>\n<link rel=\"canonical\" href=\"https:\/\/notari-danvalericasiasociatii.ro\/index.php\/servicii\/\" \/>\n<meta property=\"og:locale\" content=\"en_US\" \/>\n<meta property=\"og:type\" content=\"article\" \/>\n<meta property=\"og:title\" content=\"Servicii -\" \/>\n<meta property=\"og:description\" content=\"Proceduri notariale Biroul nostru notarial ofer\u0103 o gam\u0103 complet\u0103 de proceduri notariale, realizate cu profesionalism, promptitudine \u0219i respectarea strict\u0103 a [&hellip;]\" \/>\n<meta property=\"og:url\" content=\"https:\/\/notari-danvalericasiasociatii.ro\/index.php\/servicii\/\" \/>\n<meta property=\"article:modified_time\" content=\"2026-01-12T09:44:45+00:00\" \/>\n<meta name=\"twitter:card\" content=\"summary_large_image\" \/>\n<meta name=\"twitter:label1\" content=\"Est. reading time\" \/>\n\t<meta name=\"twitter:data1\" content=\"1 minute\" \/>\n<script type=\"application\/ld+json\" class=\"yoast-schema-graph\">{\"@context\":\"https:\/\/schema.org\",\"@graph\":[{\"@type\":\"WebPage\",\"@id\":\"https:\/\/notari-danvalericasiasociatii.ro\/index.php\/servicii\/\",\"url\":\"https:\/\/notari-danvalericasiasociatii.ro\/index.php\/servicii\/\",\"name\":\"Servicii -\",\"isPartOf\":{\"@id\":\"https:\/\/notari-danvalericasiasociatii.ro\/#website\"},\"datePublished\":\"2025-12-08T23:09:46+00:00\",\"dateModified\":\"2026-01-12T09:44:45+00:00\",\"breadcrumb\":{\"@id\":\"https:\/\/notari-danvalericasiasociatii.ro\/index.php\/servicii\/#breadcrumb\"},\"inLanguage\":\"en-US\",\"potentialAction\":[{\"@type\":\"ReadAction\",\"target\":[\"https:\/\/notari-danvalericasiasociatii.ro\/index.php\/servicii\/\"]}]},{\"@type\":\"BreadcrumbList\",\"@id\":\"https:\/\/notari-danvalericasiasociatii.ro\/index.php\/servicii\/#breadcrumb\",\"itemListElement\":[{\"@type\":\"ListItem\",\"position\":1,\"name\":\"Home\",\"item\":\"https:\/\/notari-danvalericasiasociatii.ro\/\"},{\"@type\":\"ListItem\",\"position\":2,\"name\":\"Servicii\"}]},{\"@type\":\"WebSite\",\"@id\":\"https:\/\/notari-danvalericasiasociatii.ro\/#website\",\"url\":\"https:\/\/notari-danvalericasiasociatii.ro\/\",\"name\":\"\",\"description\":\"\",\"potentialAction\":[{\"@type\":\"SearchAction\",\"target\":{\"@type\":\"EntryPoint\",\"urlTemplate\":\"https:\/\/notari-danvalericasiasociatii.ro\/?s={search_term_string}\"},\"query-input\":{\"@type\":\"PropertyValueSpecification\",\"valueRequired\":true,\"valueName\":\"search_term_string\"}}],\"inLanguage\":\"en-US\"}]}<\/script>\n<!-- \/ Yoast SEO plugin. -->","yoast_head_json":{"title":"Servicii -","robots":{"index":"index","follow":"follow","max-snippet":"max-snippet:-1","max-image-preview":"max-image-preview:large","max-video-preview":"max-video-preview:-1"},"canonical":"https:\/\/notari-danvalericasiasociatii.ro\/index.php\/servicii\/","og_locale":"en_US","og_type":"article","og_title":"Servicii -","og_description":"Proceduri notariale Biroul nostru notarial ofer\u0103 o gam\u0103 complet\u0103 de proceduri notariale, realizate cu profesionalism, promptitudine \u0219i respectarea strict\u0103 a [&hellip;]","og_url":"https:\/\/notari-danvalericasiasociatii.ro\/index.php\/servicii\/","article_modified_time":"2026-01-12T09:44:45+00:00","twitter_card":"summary_large_image","twitter_misc":{"Est. reading time":"1 minute"},"schema":{"@context":"https:\/\/schema.org","@graph":[{"@type":"WebPage","@id":"https:\/\/notari-danvalericasiasociatii.ro\/index.php\/servicii\/","url":"https:\/\/notari-danvalericasiasociatii.ro\/index.php\/servicii\/","name":"Servicii -","isPartOf":{"@id":"https:\/\/notari-danvalericasiasociatii.ro\/#website"},"datePublished":"2025-12-08T23:09:46+00:00","dateModified":"2026-01-12T09:44:45+00:00","breadcrumb":{"@id":"https:\/\/notari-danvalericasiasociatii.ro\/index.php\/servicii\/#breadcrumb"},"inLanguage":"en-US","potentialAction":[{"@type":"ReadAction","target":["https:\/\/notari-danvalericasiasociatii.ro\/index.php\/servicii\/"]}]},{"@type":"BreadcrumbList","@id":"https:\/\/notari-danvalericasiasociatii.ro\/index.php\/servicii\/#breadcrumb","itemListElement":[{"@type":"ListItem","position":1,"name":"Home","item":"https:\/\/notari-danvalericasiasociatii.ro\/"},{"@type":"ListItem","position":2,"name":"Servicii"}]},{"@type":"WebSite","@id":"https:\/\/notari-danvalericasiasociatii.ro\/#website","url":"https:\/\/notari-danvalericasiasociatii.ro\/","name":"","description":"","potentialAction":[{"@type":"SearchAction","target":{"@type":"EntryPoint","urlTemplate":"https:\/\/notari-danvalericasiasociatii.ro\/?s={search_term_string}"},"query-input":{"@type":"PropertyValueSpecification","valueRequired":true,"valueName":"search_term_string"}}],"inLanguage":"en-US"}]}},"_links":{"self":[{"href":"https:\/\/notari-danvalericasiasociatii.ro\/index.php\/wp-json\/wp\/v2\/pages\/156","targetHints":{"allow":["GET"]}}],"collection":[{"href":"https:\/\/notari-danvalericasiasociatii.ro\/index.php\/wp-json\/wp\/v2\/pages"}],"about":[{"href":"https:\/\/notari-danvalericasiasociatii.ro\/index.php\/wp-json\/wp\/v2\/types\/page"}],"author":[{"embeddable":true,"href":"https:\/\/notari-danvalericasiasociatii.ro\/index.php\/wp-json\/wp\/v2\/users\/1"}],"replies":[{"embeddable":true,"href":"https:\/\/notari-danvalericasiasociatii.ro\/index.php\/wp-json\/wp\/v2\/comments?post=156"}],"version-history":[{"count":4,"href":"https:\/\/notari-danvalericasiasociatii.ro\/index.php\/wp-json\/wp\/v2\/pages\/156\/revisions"}],"predecessor-version":[{"id":398,"href":"https:\/\/notari-danvalericasiasociatii.ro\/index.php\/wp-json\/wp\/v2\/pages\/156\/revisions\/398"}],"wp:attachment":[{"href":"https:\/\/notari-danvalericasiasociatii.ro\/index.php\/wp-json\/wp\/v2\/media?parent=156"}],"curies":[{"name":"wp","href":"https:\/\/api.w.org\/{rel}","templated":true}]}}