{"id":162,"date":"2025-12-08T23:13:14","date_gmt":"2025-12-08T23:13:14","guid":{"rendered":"https:\/\/notari-danvalericasiasociatii.ro\/?page_id=162"},"modified":"2026-01-12T09:51:19","modified_gmt":"2026-01-12T09:51:19","slug":"dienstleistungen","status":"publish","type":"page","link":"https:\/\/notari-danvalericasiasociatii.ro\/index.php\/de\/dienstleistungen\/","title":{"rendered":"Dienstleistungen"},"content":{"rendered":"\n<h2 class=\"wp-block-heading\">Notarielle Verfahren<\/h2>\n\n\n\n<p>Unser Notarb\u00fcro bietet ein umfassendes Spektrum an notariellen Verfahren, die mit Professionalit\u00e4t, Schnelligkeit und strikter Einhaltung der geltenden gesetzlichen Bestimmungen durchgef\u00fchrt werden. Wir \u00fcbernehmen die Beglaubigung von Dokumenten, Legalisationen, Zertifizierungen sowie weitere Dienstleistungen zur offiziellen Best\u00e4tigung rechtlicher Sachverhalte. Jede Verfahren wird mit gro\u00dfer Sorgfalt ausgef\u00fchrt, um die rechtliche Sicherheit unserer Mandanten zu gew\u00e4hrleisten.<\/p>\n\n\n\n<hr class=\"wp-block-separator has-alpha-channel-opacity\"\/>\n\n\n\n<h2 class=\"wp-block-heading\">Vollmachten<\/h2>\n\n\n\n<p>Wir erstellen Vollmachten f\u00fcr verschiedene Situationen, darunter Vertretung vor \u00f6ffentlichen Beh\u00f6rden, administrative Angelegenheiten, Immobiliengesch\u00e4fte oder Bankangelegenheiten. Der Notar ber\u00e4t Sie bei der Wahl der passenden Vollmacht und pr\u00fcft die Identit\u00e4t und Gesch\u00e4ftsf\u00e4higkeit der Beteiligten, um sicherzustellen, dass das Dokument allen gesetzlichen Anforderungen entspricht.<\/p>\n\n\n\n<hr class=\"wp-block-separator has-alpha-channel-opacity\"\/>\n\n\n\n<h2 class=\"wp-block-heading\">Vertr\u00e4ge<\/h2>\n\n\n\n<p>Wir bieten die Erstellung, Beurkundung und Beratung f\u00fcr verschiedene Vertragsarten an: Kaufvertr\u00e4ge, Schenkungsvertr\u00e4ge, Unterhaltsvertr\u00e4ge, Tauschvertr\u00e4ge, Teilungsvertr\u00e4ge und mehr. Wir stellen sicher, dass alle Dokumente korrekt und vollst\u00e4ndig ausgearbeitet sind, um die Interessen der Beteiligten zu sch\u00fctzen und m\u00f6gliche Streitigkeiten zu vermeiden.<\/p>\n\n\n\n<hr class=\"wp-block-separator has-alpha-channel-opacity\"\/>\n\n\n\n<h2 class=\"wp-block-heading\">Erbschaft \/ Nachlassverfahren<\/h2>\n\n\n\n<p>Unser Notarb\u00fcro bietet umfassende Unterst\u00fctzung bei Erb- und Nachlassverfahren, von der Er\u00f6ffnung der Erbschaft bis zur Ausstellung der Erbscheine. Wir beraten Sie zu den erforderlichen Unterlagen, den Rechten der Erben und den notwendigen Schritten, um ein effizientes und rechtssicheres Erbverfahren zu gew\u00e4hrleisten.<\/p>\n\n\n\n<h2 class=\"wp-block-heading\">Scheidung und Ehevertr\u00e4ge<\/h2>\n\n\n\n<p>Wir bieten Beratung und notarielle Dienstleistungen f\u00fcr Scheidung und Ehevertr\u00e4ge an, wobei wir sicherstellen, dass alle Verfahren gesetzeskonform und korrekt dokumentiert sind.<\/p>\n\n\n\n<hr class=\"wp-block-separator has-alpha-channel-opacity\"\/>\n\n\n\n<p><\/p>\n","protected":false},"excerpt":{"rendered":"<p>Notarielle Verfahren Unser Notarb\u00fcro bietet ein umfassendes Spektrum an notariellen Verfahren, die mit Professionalit\u00e4t, Schnelligkeit und strikter Einhaltung der geltenden [&hellip;]<\/p>\n","protected":false},"author":1,"featured_media":0,"parent":0,"menu_order":0,"comment_status":"closed","ping_status":"closed","template":"","meta":{"site-sidebar-layout":"default","site-content-layout":"","ast-site-content-layout":"","site-content-style":"default","site-sidebar-style":"default","ast-global-header-display":"","ast-banner-title-visibility":"","ast-main-header-display":"","ast-hfb-above-header-display":"","ast-hfb-below-header-display":"","ast-hfb-mobile-header-display":"","site-post-title":"disabled","ast-breadcrumbs-content":"","ast-featured-img":"","footer-sml-layout":"","ast-disable-related-posts":"","theme-transparent-header-meta":"","adv-header-id-meta":"","stick-header-meta":"","header-above-stick-meta":"","header-main-stick-meta":"","header-below-stick-meta":"","astra-migrate-meta-layouts":"default","ast-page-background-enabled":"default","ast-page-background-meta":{"desktop":{"background-color":"var(--ast-global-color-5)","background-image":"","background-repeat":"repeat","background-position":"center center","background-size":"auto","background-attachment":"scroll","background-type":"","background-media":"","overlay-type":"","overlay-color":"","overlay-opacity":"","overlay-gradient":""},"tablet":{"background-color":"","background-image":"","background-repeat":"repeat","background-position":"center center","background-size":"auto","background-attachment":"scroll","background-type":"","background-media":"","overlay-type":"","overlay-color":"","overlay-opacity":"","overlay-gradient":""},"mobile":{"background-color":"","background-image":"","background-repeat":"repeat","background-position":"center center","background-size":"auto","background-attachment":"scroll","background-type":"","background-media":"","overlay-type":"","overlay-color":"","overlay-opacity":"","overlay-gradient":""}},"ast-content-background-meta":{"desktop":{"background-color":"var(--ast-global-color-4)","background-image":"","background-repeat":"repeat","background-position":"center center","background-size":"auto","background-attachment":"scroll","background-type":"","background-media":"","overlay-type":"","overlay-color":"","overlay-opacity":"","overlay-gradient":""},"tablet":{"background-color":"var(--ast-global-color-4)","background-image":"","background-repeat":"repeat","background-position":"center center","background-size":"auto","background-attachment":"scroll","background-type":"","background-media":"","overlay-type":"","overlay-color":"","overlay-opacity":"","overlay-gradient":""},"mobile":{"background-color":"var(--ast-global-color-4)","background-image":"","background-repeat":"repeat","background-position":"center center","background-size":"auto","background-attachment":"scroll","background-type":"","background-media":"","overlay-type":"","overlay-color":"","overlay-opacity":"","overlay-gradient":""}},"footnotes":""},"class_list":["post-162","page","type-page","status-publish","hentry"],"yoast_head":"<!-- This site is optimized with the Yoast SEO plugin v26.5 - https:\/\/yoast.com\/wordpress\/plugins\/seo\/ -->\n<title>Dienstleistungen -<\/title>\n<meta name=\"robots\" content=\"index, follow, max-snippet:-1, max-image-preview:large, max-video-preview:-1\" \/>\n<link rel=\"canonical\" href=\"https:\/\/notari-danvalericasiasociatii.ro\/index.php\/de\/dienstleistungen\/\" \/>\n<meta property=\"og:locale\" content=\"en_US\" \/>\n<meta property=\"og:type\" content=\"article\" \/>\n<meta property=\"og:title\" content=\"Dienstleistungen -\" \/>\n<meta property=\"og:description\" content=\"Notarielle Verfahren Unser Notarb\u00fcro bietet ein umfassendes Spektrum an notariellen Verfahren, die mit Professionalit\u00e4t, Schnelligkeit und strikter Einhaltung der geltenden [&hellip;]\" \/>\n<meta property=\"og:url\" content=\"https:\/\/notari-danvalericasiasociatii.ro\/index.php\/de\/dienstleistungen\/\" \/>\n<meta property=\"article:modified_time\" content=\"2026-01-12T09:51:19+00:00\" \/>\n<meta name=\"twitter:card\" content=\"summary_large_image\" \/>\n<meta name=\"twitter:label1\" content=\"Est. reading time\" \/>\n\t<meta name=\"twitter:data1\" content=\"1 minute\" \/>\n<script type=\"application\/ld+json\" class=\"yoast-schema-graph\">{\"@context\":\"https:\/\/schema.org\",\"@graph\":[{\"@type\":\"WebPage\",\"@id\":\"https:\/\/notari-danvalericasiasociatii.ro\/index.php\/de\/dienstleistungen\/\",\"url\":\"https:\/\/notari-danvalericasiasociatii.ro\/index.php\/de\/dienstleistungen\/\",\"name\":\"Dienstleistungen -\",\"isPartOf\":{\"@id\":\"https:\/\/notari-danvalericasiasociatii.ro\/#website\"},\"datePublished\":\"2025-12-08T23:13:14+00:00\",\"dateModified\":\"2026-01-12T09:51:19+00:00\",\"breadcrumb\":{\"@id\":\"https:\/\/notari-danvalericasiasociatii.ro\/index.php\/de\/dienstleistungen\/#breadcrumb\"},\"inLanguage\":\"en-US\",\"potentialAction\":[{\"@type\":\"ReadAction\",\"target\":[\"https:\/\/notari-danvalericasiasociatii.ro\/index.php\/de\/dienstleistungen\/\"]}]},{\"@type\":\"BreadcrumbList\",\"@id\":\"https:\/\/notari-danvalericasiasociatii.ro\/index.php\/de\/dienstleistungen\/#breadcrumb\",\"itemListElement\":[{\"@type\":\"ListItem\",\"position\":1,\"name\":\"Home\",\"item\":\"https:\/\/notari-danvalericasiasociatii.ro\/\"},{\"@type\":\"ListItem\",\"position\":2,\"name\":\"Dienstleistungen\"}]},{\"@type\":\"WebSite\",\"@id\":\"https:\/\/notari-danvalericasiasociatii.ro\/#website\",\"url\":\"https:\/\/notari-danvalericasiasociatii.ro\/\",\"name\":\"\",\"description\":\"\",\"potentialAction\":[{\"@type\":\"SearchAction\",\"target\":{\"@type\":\"EntryPoint\",\"urlTemplate\":\"https:\/\/notari-danvalericasiasociatii.ro\/?s={search_term_string}\"},\"query-input\":{\"@type\":\"PropertyValueSpecification\",\"valueRequired\":true,\"valueName\":\"search_term_string\"}}],\"inLanguage\":\"en-US\"}]}<\/script>\n<!-- \/ Yoast SEO plugin. -->","yoast_head_json":{"title":"Dienstleistungen -","robots":{"index":"index","follow":"follow","max-snippet":"max-snippet:-1","max-image-preview":"max-image-preview:large","max-video-preview":"max-video-preview:-1"},"canonical":"https:\/\/notari-danvalericasiasociatii.ro\/index.php\/de\/dienstleistungen\/","og_locale":"en_US","og_type":"article","og_title":"Dienstleistungen -","og_description":"Notarielle Verfahren Unser Notarb\u00fcro bietet ein umfassendes Spektrum an notariellen Verfahren, die mit Professionalit\u00e4t, Schnelligkeit und strikter Einhaltung der geltenden [&hellip;]","og_url":"https:\/\/notari-danvalericasiasociatii.ro\/index.php\/de\/dienstleistungen\/","article_modified_time":"2026-01-12T09:51:19+00:00","twitter_card":"summary_large_image","twitter_misc":{"Est. reading time":"1 minute"},"schema":{"@context":"https:\/\/schema.org","@graph":[{"@type":"WebPage","@id":"https:\/\/notari-danvalericasiasociatii.ro\/index.php\/de\/dienstleistungen\/","url":"https:\/\/notari-danvalericasiasociatii.ro\/index.php\/de\/dienstleistungen\/","name":"Dienstleistungen -","isPartOf":{"@id":"https:\/\/notari-danvalericasiasociatii.ro\/#website"},"datePublished":"2025-12-08T23:13:14+00:00","dateModified":"2026-01-12T09:51:19+00:00","breadcrumb":{"@id":"https:\/\/notari-danvalericasiasociatii.ro\/index.php\/de\/dienstleistungen\/#breadcrumb"},"inLanguage":"en-US","potentialAction":[{"@type":"ReadAction","target":["https:\/\/notari-danvalericasiasociatii.ro\/index.php\/de\/dienstleistungen\/"]}]},{"@type":"BreadcrumbList","@id":"https:\/\/notari-danvalericasiasociatii.ro\/index.php\/de\/dienstleistungen\/#breadcrumb","itemListElement":[{"@type":"ListItem","position":1,"name":"Home","item":"https:\/\/notari-danvalericasiasociatii.ro\/"},{"@type":"ListItem","position":2,"name":"Dienstleistungen"}]},{"@type":"WebSite","@id":"https:\/\/notari-danvalericasiasociatii.ro\/#website","url":"https:\/\/notari-danvalericasiasociatii.ro\/","name":"","description":"","potentialAction":[{"@type":"SearchAction","target":{"@type":"EntryPoint","urlTemplate":"https:\/\/notari-danvalericasiasociatii.ro\/?s={search_term_string}"},"query-input":{"@type":"PropertyValueSpecification","valueRequired":true,"valueName":"search_term_string"}}],"inLanguage":"en-US"}]}},"_links":{"self":[{"href":"https:\/\/notari-danvalericasiasociatii.ro\/index.php\/wp-json\/wp\/v2\/pages\/162","targetHints":{"allow":["GET"]}}],"collection":[{"href":"https:\/\/notari-danvalericasiasociatii.ro\/index.php\/wp-json\/wp\/v2\/pages"}],"about":[{"href":"https:\/\/notari-danvalericasiasociatii.ro\/index.php\/wp-json\/wp\/v2\/types\/page"}],"author":[{"embeddable":true,"href":"https:\/\/notari-danvalericasiasociatii.ro\/index.php\/wp-json\/wp\/v2\/users\/1"}],"replies":[{"embeddable":true,"href":"https:\/\/notari-danvalericasiasociatii.ro\/index.php\/wp-json\/wp\/v2\/comments?post=162"}],"version-history":[{"count":3,"href":"https:\/\/notari-danvalericasiasociatii.ro\/index.php\/wp-json\/wp\/v2\/pages\/162\/revisions"}],"predecessor-version":[{"id":401,"href":"https:\/\/notari-danvalericasiasociatii.ro\/index.php\/wp-json\/wp\/v2\/pages\/162\/revisions\/401"}],"wp:attachment":[{"href":"https:\/\/notari-danvalericasiasociatii.ro\/index.php\/wp-json\/wp\/v2\/media?parent=162"}],"curies":[{"name":"wp","href":"https:\/\/api.w.org\/{rel}","templated":true}]}}