{"id":245,"date":"2025-12-09T20:53:09","date_gmt":"2025-12-09T20:53:09","guid":{"rendered":"https:\/\/notari-danvalericasiasociatii.ro\/?page_id=245"},"modified":"2025-12-09T20:53:10","modified_gmt":"2025-12-09T20:53:10","slug":"contracte","status":"publish","type":"page","link":"https:\/\/notari-danvalericasiasociatii.ro\/index.php\/contracte\/","title":{"rendered":"Contracte"},"content":{"rendered":"\n<p>Oferim redactare, autentificare \u0219i consultan\u021b\u0103 pentru diverse tipuri de contracte: v\u00e2nzare-cump\u0103rare, dona\u021bie, \u00eentre\u021binere, schimb, partaj \u0219i altele. Ne asigur\u0103m c\u0103 documentele sunt redactate corect \u0219i complet, pentru a proteja interesele p\u0103r\u021bilor implicate \u0219i pentru a preveni eventuale litigii.<\/p>\n","protected":false},"excerpt":{"rendered":"<p>Oferim redactare, autentificare \u0219i consultan\u021b\u0103 pentru diverse tipuri de contracte: v\u00e2nzare-cump\u0103rare, dona\u021bie, \u00eentre\u021binere, schimb, partaj \u0219i altele. Ne asigur\u0103m c\u0103 [&hellip;]<\/p>\n","protected":false},"author":1,"featured_media":0,"parent":0,"menu_order":0,"comment_status":"closed","ping_status":"closed","template":"","meta":{"site-sidebar-layout":"default","site-content-layout":"","ast-site-content-layout":"default","site-content-style":"default","site-sidebar-style":"default","ast-global-header-display":"","ast-banner-title-visibility":"","ast-main-header-display":"","ast-hfb-above-header-display":"","ast-hfb-below-header-display":"","ast-hfb-mobile-header-display":"","site-post-title":"","ast-breadcrumbs-content":"","ast-featured-img":"","footer-sml-layout":"","ast-disable-related-posts":"","theme-transparent-header-meta":"","adv-header-id-meta":"","stick-header-meta":"","header-above-stick-meta":"","header-main-stick-meta":"","header-below-stick-meta":"","astra-migrate-meta-layouts":"default","ast-page-background-enabled":"default","ast-page-background-meta":{"desktop":{"background-color":"var(--ast-global-color-5)","background-image":"","background-repeat":"repeat","background-position":"center center","background-size":"auto","background-attachment":"scroll","background-type":"","background-media":"","overlay-type":"","overlay-color":"","overlay-opacity":"","overlay-gradient":""},"tablet":{"background-color":"","background-image":"","background-repeat":"repeat","background-position":"center center","background-size":"auto","background-attachment":"scroll","background-type":"","background-media":"","overlay-type":"","overlay-color":"","overlay-opacity":"","overlay-gradient":""},"mobile":{"background-color":"","background-image":"","background-repeat":"repeat","background-position":"center center","background-size":"auto","background-attachment":"scroll","background-type":"","background-media":"","overlay-type":"","overlay-color":"","overlay-opacity":"","overlay-gradient":""}},"ast-content-background-meta":{"desktop":{"background-color":"var(--ast-global-color-4)","background-image":"","background-repeat":"repeat","background-position":"center center","background-size":"auto","background-attachment":"scroll","background-type":"","background-media":"","overlay-type":"","overlay-color":"","overlay-opacity":"","overlay-gradient":""},"tablet":{"background-color":"var(--ast-global-color-4)","background-image":"","background-repeat":"repeat","background-position":"center center","background-size":"auto","background-attachment":"scroll","background-type":"","background-media":"","overlay-type":"","overlay-color":"","overlay-opacity":"","overlay-gradient":""},"mobile":{"background-color":"var(--ast-global-color-4)","background-image":"","background-repeat":"repeat","background-position":"center center","background-size":"auto","background-attachment":"scroll","background-type":"","background-media":"","overlay-type":"","overlay-color":"","overlay-opacity":"","overlay-gradient":""}},"footnotes":""},"class_list":["post-245","page","type-page","status-publish","hentry"],"yoast_head":"<!-- This site is optimized with the Yoast SEO plugin v26.5 - https:\/\/yoast.com\/wordpress\/plugins\/seo\/ -->\n<title>Contracte -<\/title>\n<meta name=\"robots\" content=\"index, follow, max-snippet:-1, max-image-preview:large, max-video-preview:-1\" \/>\n<link rel=\"canonical\" href=\"https:\/\/notari-danvalericasiasociatii.ro\/index.php\/contracte\/\" \/>\n<meta property=\"og:locale\" content=\"en_US\" \/>\n<meta property=\"og:type\" content=\"article\" \/>\n<meta property=\"og:title\" content=\"Contracte -\" \/>\n<meta property=\"og:description\" content=\"Oferim redactare, autentificare \u0219i consultan\u021b\u0103 pentru diverse tipuri de contracte: v\u00e2nzare-cump\u0103rare, dona\u021bie, \u00eentre\u021binere, schimb, partaj \u0219i altele. Ne asigur\u0103m c\u0103 [&hellip;]\" \/>\n<meta property=\"og:url\" content=\"https:\/\/notari-danvalericasiasociatii.ro\/index.php\/contracte\/\" \/>\n<meta property=\"article:modified_time\" content=\"2025-12-09T20:53:10+00:00\" \/>\n<meta name=\"twitter:card\" content=\"summary_large_image\" \/>\n<script type=\"application\/ld+json\" class=\"yoast-schema-graph\">{\"@context\":\"https:\/\/schema.org\",\"@graph\":[{\"@type\":\"WebPage\",\"@id\":\"https:\/\/notari-danvalericasiasociatii.ro\/index.php\/contracte\/\",\"url\":\"https:\/\/notari-danvalericasiasociatii.ro\/index.php\/contracte\/\",\"name\":\"Contracte -\",\"isPartOf\":{\"@id\":\"https:\/\/notari-danvalericasiasociatii.ro\/#website\"},\"datePublished\":\"2025-12-09T20:53:09+00:00\",\"dateModified\":\"2025-12-09T20:53:10+00:00\",\"breadcrumb\":{\"@id\":\"https:\/\/notari-danvalericasiasociatii.ro\/index.php\/contracte\/#breadcrumb\"},\"inLanguage\":\"en-US\",\"potentialAction\":[{\"@type\":\"ReadAction\",\"target\":[\"https:\/\/notari-danvalericasiasociatii.ro\/index.php\/contracte\/\"]}]},{\"@type\":\"BreadcrumbList\",\"@id\":\"https:\/\/notari-danvalericasiasociatii.ro\/index.php\/contracte\/#breadcrumb\",\"itemListElement\":[{\"@type\":\"ListItem\",\"position\":1,\"name\":\"Home\",\"item\":\"https:\/\/notari-danvalericasiasociatii.ro\/\"},{\"@type\":\"ListItem\",\"position\":2,\"name\":\"Contracte\"}]},{\"@type\":\"WebSite\",\"@id\":\"https:\/\/notari-danvalericasiasociatii.ro\/#website\",\"url\":\"https:\/\/notari-danvalericasiasociatii.ro\/\",\"name\":\"\",\"description\":\"\",\"potentialAction\":[{\"@type\":\"SearchAction\",\"target\":{\"@type\":\"EntryPoint\",\"urlTemplate\":\"https:\/\/notari-danvalericasiasociatii.ro\/?s={search_term_string}\"},\"query-input\":{\"@type\":\"PropertyValueSpecification\",\"valueRequired\":true,\"valueName\":\"search_term_string\"}}],\"inLanguage\":\"en-US\"}]}<\/script>\n<!-- \/ Yoast SEO plugin. -->","yoast_head_json":{"title":"Contracte -","robots":{"index":"index","follow":"follow","max-snippet":"max-snippet:-1","max-image-preview":"max-image-preview:large","max-video-preview":"max-video-preview:-1"},"canonical":"https:\/\/notari-danvalericasiasociatii.ro\/index.php\/contracte\/","og_locale":"en_US","og_type":"article","og_title":"Contracte -","og_description":"Oferim redactare, autentificare \u0219i consultan\u021b\u0103 pentru diverse tipuri de contracte: v\u00e2nzare-cump\u0103rare, dona\u021bie, \u00eentre\u021binere, schimb, partaj \u0219i altele. Ne asigur\u0103m c\u0103 [&hellip;]","og_url":"https:\/\/notari-danvalericasiasociatii.ro\/index.php\/contracte\/","article_modified_time":"2025-12-09T20:53:10+00:00","twitter_card":"summary_large_image","schema":{"@context":"https:\/\/schema.org","@graph":[{"@type":"WebPage","@id":"https:\/\/notari-danvalericasiasociatii.ro\/index.php\/contracte\/","url":"https:\/\/notari-danvalericasiasociatii.ro\/index.php\/contracte\/","name":"Contracte -","isPartOf":{"@id":"https:\/\/notari-danvalericasiasociatii.ro\/#website"},"datePublished":"2025-12-09T20:53:09+00:00","dateModified":"2025-12-09T20:53:10+00:00","breadcrumb":{"@id":"https:\/\/notari-danvalericasiasociatii.ro\/index.php\/contracte\/#breadcrumb"},"inLanguage":"en-US","potentialAction":[{"@type":"ReadAction","target":["https:\/\/notari-danvalericasiasociatii.ro\/index.php\/contracte\/"]}]},{"@type":"BreadcrumbList","@id":"https:\/\/notari-danvalericasiasociatii.ro\/index.php\/contracte\/#breadcrumb","itemListElement":[{"@type":"ListItem","position":1,"name":"Home","item":"https:\/\/notari-danvalericasiasociatii.ro\/"},{"@type":"ListItem","position":2,"name":"Contracte"}]},{"@type":"WebSite","@id":"https:\/\/notari-danvalericasiasociatii.ro\/#website","url":"https:\/\/notari-danvalericasiasociatii.ro\/","name":"","description":"","potentialAction":[{"@type":"SearchAction","target":{"@type":"EntryPoint","urlTemplate":"https:\/\/notari-danvalericasiasociatii.ro\/?s={search_term_string}"},"query-input":{"@type":"PropertyValueSpecification","valueRequired":true,"valueName":"search_term_string"}}],"inLanguage":"en-US"}]}},"_links":{"self":[{"href":"https:\/\/notari-danvalericasiasociatii.ro\/index.php\/wp-json\/wp\/v2\/pages\/245","targetHints":{"allow":["GET"]}}],"collection":[{"href":"https:\/\/notari-danvalericasiasociatii.ro\/index.php\/wp-json\/wp\/v2\/pages"}],"about":[{"href":"https:\/\/notari-danvalericasiasociatii.ro\/index.php\/wp-json\/wp\/v2\/types\/page"}],"author":[{"embeddable":true,"href":"https:\/\/notari-danvalericasiasociatii.ro\/index.php\/wp-json\/wp\/v2\/users\/1"}],"replies":[{"embeddable":true,"href":"https:\/\/notari-danvalericasiasociatii.ro\/index.php\/wp-json\/wp\/v2\/comments?post=245"}],"version-history":[{"count":1,"href":"https:\/\/notari-danvalericasiasociatii.ro\/index.php\/wp-json\/wp\/v2\/pages\/245\/revisions"}],"predecessor-version":[{"id":246,"href":"https:\/\/notari-danvalericasiasociatii.ro\/index.php\/wp-json\/wp\/v2\/pages\/245\/revisions\/246"}],"wp:attachment":[{"href":"https:\/\/notari-danvalericasiasociatii.ro\/index.php\/wp-json\/wp\/v2\/media?parent=245"}],"curies":[{"name":"wp","href":"https:\/\/api.w.org\/{rel}","templated":true}]}}