{"id":254,"date":"2025-12-09T20:55:56","date_gmt":"2025-12-09T20:55:56","guid":{"rendered":"https:\/\/notari-danvalericasiasociatii.ro\/?page_id=254"},"modified":"2025-12-09T20:55:57","modified_gmt":"2025-12-09T20:55:57","slug":"mostenire-proceduri-succesorale","status":"publish","type":"page","link":"https:\/\/notari-danvalericasiasociatii.ro\/index.php\/mostenire-proceduri-succesorale\/","title":{"rendered":"Mo\u0219tenire \/ Proceduri succesorale"},"content":{"rendered":"\n<p>Biroul nostru notarial ofer\u0103 asisten\u021b\u0103 complet\u0103 \u00een procedurile succesorale, de la deschiderea succesiunii p\u00e2n\u0103 la eliberarea certificatelor de mo\u0219tenitor. Oferim consultan\u021b\u0103 privind actele necesare, drepturile mo\u0219tenitorilor \u0219i pa\u0219ii de urmat, asigur\u00e2nd o solu\u021bionare eficient\u0103 \u0219i legal\u0103 a succesiunii.<\/p>\n","protected":false},"excerpt":{"rendered":"<p>Biroul nostru notarial ofer\u0103 asisten\u021b\u0103 complet\u0103 \u00een procedurile succesorale, de la deschiderea succesiunii p\u00e2n\u0103 la eliberarea certificatelor de mo\u0219tenitor. Oferim [&hellip;]<\/p>\n","protected":false},"author":1,"featured_media":0,"parent":0,"menu_order":0,"comment_status":"closed","ping_status":"closed","template":"","meta":{"site-sidebar-layout":"default","site-content-layout":"","ast-site-content-layout":"default","site-content-style":"default","site-sidebar-style":"default","ast-global-header-display":"","ast-banner-title-visibility":"","ast-main-header-display":"","ast-hfb-above-header-display":"","ast-hfb-below-header-display":"","ast-hfb-mobile-header-display":"","site-post-title":"","ast-breadcrumbs-content":"","ast-featured-img":"","footer-sml-layout":"","ast-disable-related-posts":"","theme-transparent-header-meta":"","adv-header-id-meta":"","stick-header-meta":"","header-above-stick-meta":"","header-main-stick-meta":"","header-below-stick-meta":"","astra-migrate-meta-layouts":"default","ast-page-background-enabled":"default","ast-page-background-meta":{"desktop":{"background-color":"var(--ast-global-color-5)","background-image":"","background-repeat":"repeat","background-position":"center center","background-size":"auto","background-attachment":"scroll","background-type":"","background-media":"","overlay-type":"","overlay-color":"","overlay-opacity":"","overlay-gradient":""},"tablet":{"background-color":"","background-image":"","background-repeat":"repeat","background-position":"center center","background-size":"auto","background-attachment":"scroll","background-type":"","background-media":"","overlay-type":"","overlay-color":"","overlay-opacity":"","overlay-gradient":""},"mobile":{"background-color":"","background-image":"","background-repeat":"repeat","background-position":"center center","background-size":"auto","background-attachment":"scroll","background-type":"","background-media":"","overlay-type":"","overlay-color":"","overlay-opacity":"","overlay-gradient":""}},"ast-content-background-meta":{"desktop":{"background-color":"var(--ast-global-color-4)","background-image":"","background-repeat":"repeat","background-position":"center center","background-size":"auto","background-attachment":"scroll","background-type":"","background-media":"","overlay-type":"","overlay-color":"","overlay-opacity":"","overlay-gradient":""},"tablet":{"background-color":"var(--ast-global-color-4)","background-image":"","background-repeat":"repeat","background-position":"center center","background-size":"auto","background-attachment":"scroll","background-type":"","background-media":"","overlay-type":"","overlay-color":"","overlay-opacity":"","overlay-gradient":""},"mobile":{"background-color":"var(--ast-global-color-4)","background-image":"","background-repeat":"repeat","background-position":"center center","background-size":"auto","background-attachment":"scroll","background-type":"","background-media":"","overlay-type":"","overlay-color":"","overlay-opacity":"","overlay-gradient":""}},"footnotes":""},"class_list":["post-254","page","type-page","status-publish","hentry"],"yoast_head":"<!-- This site is optimized with the Yoast SEO plugin v26.5 - https:\/\/yoast.com\/wordpress\/plugins\/seo\/ -->\n<title>Mo\u0219tenire \/ Proceduri succesorale -<\/title>\n<meta name=\"robots\" content=\"index, follow, max-snippet:-1, max-image-preview:large, max-video-preview:-1\" \/>\n<link rel=\"canonical\" href=\"https:\/\/notari-danvalericasiasociatii.ro\/index.php\/mostenire-proceduri-succesorale\/\" \/>\n<meta property=\"og:locale\" content=\"en_US\" \/>\n<meta property=\"og:type\" content=\"article\" \/>\n<meta property=\"og:title\" content=\"Mo\u0219tenire \/ Proceduri succesorale -\" \/>\n<meta property=\"og:description\" content=\"Biroul nostru notarial ofer\u0103 asisten\u021b\u0103 complet\u0103 \u00een procedurile succesorale, de la deschiderea succesiunii p\u00e2n\u0103 la eliberarea certificatelor de mo\u0219tenitor. Oferim [&hellip;]\" \/>\n<meta property=\"og:url\" content=\"https:\/\/notari-danvalericasiasociatii.ro\/index.php\/mostenire-proceduri-succesorale\/\" \/>\n<meta property=\"article:modified_time\" content=\"2025-12-09T20:55:57+00:00\" \/>\n<meta name=\"twitter:card\" content=\"summary_large_image\" \/>\n<script type=\"application\/ld+json\" class=\"yoast-schema-graph\">{\"@context\":\"https:\/\/schema.org\",\"@graph\":[{\"@type\":\"WebPage\",\"@id\":\"https:\/\/notari-danvalericasiasociatii.ro\/index.php\/mostenire-proceduri-succesorale\/\",\"url\":\"https:\/\/notari-danvalericasiasociatii.ro\/index.php\/mostenire-proceduri-succesorale\/\",\"name\":\"Mo\u0219tenire \/ Proceduri succesorale -\",\"isPartOf\":{\"@id\":\"https:\/\/notari-danvalericasiasociatii.ro\/#website\"},\"datePublished\":\"2025-12-09T20:55:56+00:00\",\"dateModified\":\"2025-12-09T20:55:57+00:00\",\"breadcrumb\":{\"@id\":\"https:\/\/notari-danvalericasiasociatii.ro\/index.php\/mostenire-proceduri-succesorale\/#breadcrumb\"},\"inLanguage\":\"en-US\",\"potentialAction\":[{\"@type\":\"ReadAction\",\"target\":[\"https:\/\/notari-danvalericasiasociatii.ro\/index.php\/mostenire-proceduri-succesorale\/\"]}]},{\"@type\":\"BreadcrumbList\",\"@id\":\"https:\/\/notari-danvalericasiasociatii.ro\/index.php\/mostenire-proceduri-succesorale\/#breadcrumb\",\"itemListElement\":[{\"@type\":\"ListItem\",\"position\":1,\"name\":\"Home\",\"item\":\"https:\/\/notari-danvalericasiasociatii.ro\/\"},{\"@type\":\"ListItem\",\"position\":2,\"name\":\"Mo\u0219tenire \/ Proceduri succesorale\"}]},{\"@type\":\"WebSite\",\"@id\":\"https:\/\/notari-danvalericasiasociatii.ro\/#website\",\"url\":\"https:\/\/notari-danvalericasiasociatii.ro\/\",\"name\":\"\",\"description\":\"\",\"potentialAction\":[{\"@type\":\"SearchAction\",\"target\":{\"@type\":\"EntryPoint\",\"urlTemplate\":\"https:\/\/notari-danvalericasiasociatii.ro\/?s={search_term_string}\"},\"query-input\":{\"@type\":\"PropertyValueSpecification\",\"valueRequired\":true,\"valueName\":\"search_term_string\"}}],\"inLanguage\":\"en-US\"}]}<\/script>\n<!-- \/ Yoast SEO plugin. -->","yoast_head_json":{"title":"Mo\u0219tenire \/ Proceduri succesorale -","robots":{"index":"index","follow":"follow","max-snippet":"max-snippet:-1","max-image-preview":"max-image-preview:large","max-video-preview":"max-video-preview:-1"},"canonical":"https:\/\/notari-danvalericasiasociatii.ro\/index.php\/mostenire-proceduri-succesorale\/","og_locale":"en_US","og_type":"article","og_title":"Mo\u0219tenire \/ Proceduri succesorale -","og_description":"Biroul nostru notarial ofer\u0103 asisten\u021b\u0103 complet\u0103 \u00een procedurile succesorale, de la deschiderea succesiunii p\u00e2n\u0103 la eliberarea certificatelor de mo\u0219tenitor. Oferim [&hellip;]","og_url":"https:\/\/notari-danvalericasiasociatii.ro\/index.php\/mostenire-proceduri-succesorale\/","article_modified_time":"2025-12-09T20:55:57+00:00","twitter_card":"summary_large_image","schema":{"@context":"https:\/\/schema.org","@graph":[{"@type":"WebPage","@id":"https:\/\/notari-danvalericasiasociatii.ro\/index.php\/mostenire-proceduri-succesorale\/","url":"https:\/\/notari-danvalericasiasociatii.ro\/index.php\/mostenire-proceduri-succesorale\/","name":"Mo\u0219tenire \/ Proceduri succesorale -","isPartOf":{"@id":"https:\/\/notari-danvalericasiasociatii.ro\/#website"},"datePublished":"2025-12-09T20:55:56+00:00","dateModified":"2025-12-09T20:55:57+00:00","breadcrumb":{"@id":"https:\/\/notari-danvalericasiasociatii.ro\/index.php\/mostenire-proceduri-succesorale\/#breadcrumb"},"inLanguage":"en-US","potentialAction":[{"@type":"ReadAction","target":["https:\/\/notari-danvalericasiasociatii.ro\/index.php\/mostenire-proceduri-succesorale\/"]}]},{"@type":"BreadcrumbList","@id":"https:\/\/notari-danvalericasiasociatii.ro\/index.php\/mostenire-proceduri-succesorale\/#breadcrumb","itemListElement":[{"@type":"ListItem","position":1,"name":"Home","item":"https:\/\/notari-danvalericasiasociatii.ro\/"},{"@type":"ListItem","position":2,"name":"Mo\u0219tenire \/ Proceduri succesorale"}]},{"@type":"WebSite","@id":"https:\/\/notari-danvalericasiasociatii.ro\/#website","url":"https:\/\/notari-danvalericasiasociatii.ro\/","name":"","description":"","potentialAction":[{"@type":"SearchAction","target":{"@type":"EntryPoint","urlTemplate":"https:\/\/notari-danvalericasiasociatii.ro\/?s={search_term_string}"},"query-input":{"@type":"PropertyValueSpecification","valueRequired":true,"valueName":"search_term_string"}}],"inLanguage":"en-US"}]}},"_links":{"self":[{"href":"https:\/\/notari-danvalericasiasociatii.ro\/index.php\/wp-json\/wp\/v2\/pages\/254","targetHints":{"allow":["GET"]}}],"collection":[{"href":"https:\/\/notari-danvalericasiasociatii.ro\/index.php\/wp-json\/wp\/v2\/pages"}],"about":[{"href":"https:\/\/notari-danvalericasiasociatii.ro\/index.php\/wp-json\/wp\/v2\/types\/page"}],"author":[{"embeddable":true,"href":"https:\/\/notari-danvalericasiasociatii.ro\/index.php\/wp-json\/wp\/v2\/users\/1"}],"replies":[{"embeddable":true,"href":"https:\/\/notari-danvalericasiasociatii.ro\/index.php\/wp-json\/wp\/v2\/comments?post=254"}],"version-history":[{"count":1,"href":"https:\/\/notari-danvalericasiasociatii.ro\/index.php\/wp-json\/wp\/v2\/pages\/254\/revisions"}],"predecessor-version":[{"id":255,"href":"https:\/\/notari-danvalericasiasociatii.ro\/index.php\/wp-json\/wp\/v2\/pages\/254\/revisions\/255"}],"wp:attachment":[{"href":"https:\/\/notari-danvalericasiasociatii.ro\/index.php\/wp-json\/wp\/v2\/media?parent=254"}],"curies":[{"name":"wp","href":"https:\/\/api.w.org\/{rel}","templated":true}]}}