{"id":9,"date":"2025-03-03T20:41:40","date_gmt":"2025-03-03T20:41:40","guid":{"rendered":"https:\/\/notari-danvalericasiasociatii.ro\/?page_id=9"},"modified":"2026-01-12T09:45:56","modified_gmt":"2026-01-12T09:45:56","slug":"birou-notarial-sibiu-dan-valerica-manda-bogdan-toma-ionela-servicii-notariale-sibiu","status":"publish","type":"page","link":"https:\/\/notari-danvalericasiasociatii.ro\/","title":{"rendered":"Acasa"},"content":{"rendered":"\n<div class=\"wp-block-group alignfull has-ast-global-color-5-background-color has-background is-layout-constrained wp-container-core-group-is-layout-94d206d0 wp-block-group-is-layout-constrained\" id=\"desprenoi\" style=\"padding-top:143px;padding-bottom:144px\">\n<h1 class=\"wp-block-heading has-text-align-center\"><strong>Societate Profesional\u0103 Notarial\u0103 Valerica Dan \u0219i asocia\u021bii<\/strong><\/h1>\n\n\n\n<hr class=\"wp-block-separator has-alpha-channel-opacity\"\/>\n\n\n\n<p><\/p>\n\n\n\n<h3 class=\"wp-block-heading has-text-align-center\"><strong>Notari publici:<\/strong><\/h3>\n\n\n\n<h3 class=\"wp-block-heading has-text-align-center\"><em>Valerica Dan<\/em><\/h3>\n\n\n\n<h3 class=\"wp-block-heading has-text-align-center\"><em>Manda Bogdan-Constantin<\/em><\/h3>\n\n\n\n<h3 class=\"wp-block-heading has-text-align-center\"><em>Toma Ionela-Laura<\/em><\/h3>\n<\/div>\n\n\n\n<div class=\"wp-block-group alignwide is-layout-constrained wp-block-group-is-layout-constrained\">\n<h3 class=\"wp-block-heading\">Bun venit ! <\/h3>\n\n\n\n<p class=\"has-text-align-center\">Biroul notarial <strong><mark style=\"background-color:rgba(0, 0, 0, 0)\" class=\"has-inline-color has-ast-global-color-1-color\">Dan Valerica \u0219i asocia\u021bii <\/mark><\/strong>ofer\u0103 servicii, asisten\u021b\u0103 personalizat\u0103 \u0219i solu\u021bii notariale eficiente.<\/p>\n\n\n\n<p class=\"has-text-align-center\">Misiunea noastr\u0103 este s\u0103 oferim servicii notariale rapide, sigure \u0219i conforme cu legisla\u021bia \u00een vigoare. Valorile care ne definesc sunt profesionalismul, transparen\u021ba \u0219i respectul fa\u021b\u0103 de fiecare client.<\/p>\n\n\n\n<p class=\"has-text-align-center\">Indiferent dac\u0103 ave\u021bi nevoie de autentificarea unui act, legalizarea unor documente sau consultan\u021b\u0103 juridic\u0103, suntem aici pentru a v\u0103 ajuta. V\u0103 a\u0219tept\u0103m cu drag la biroul nostru pentru a g\u0103si \u00eempreun\u0103 cele mai bune solu\u021bii pentru nevoile dumneavoastr\u0103!<\/p>\n<\/div>\n\n\n\n<div class=\"wp-block-group alignfull has-background is-layout-constrained wp-container-core-group-is-layout-45b0ac4f wp-block-group-is-layout-constrained\" id=\"servicii\" style=\"background-color:#f0f5fa;padding-top:144px;padding-bottom:0px\">\n<h3 class=\"wp-block-heading\">Serviciile noastre<\/h3>\n\n\n\n<div class=\"wp-block-columns is-layout-flex wp-container-core-columns-is-layout-60cbf9bb wp-block-columns-is-layout-flex\" style=\"margin-top:50px\">\n<div class=\"wp-block-column is-layout-flow wp-container-core-column-is-layout-6b73ce23 wp-block-column-is-layout-flow\">\n<figure class=\"wp-block-image aligncenter size-full\"><img loading=\"lazy\" decoding=\"async\" width=\"266\" height=\"170\" src=\"https:\/\/notari-danvalericasiasociatii.ro\/wp-content\/uploads\/2025\/03\/Screenshot-from-2025-03-06-19-36-53.png\" alt=\"\" class=\"wp-image-81\"\/><\/figure>\n\n\n\n<h4 class=\"wp-block-heading has-text-align-center\" style=\"margin-top:16px\">Contracte<\/h4>\n\n\n\n<p class=\"has-text-align-center\"><strong>\u2705 Autentificarea documentelor:<\/strong> contracte de v\u00e2nzare\u2013cump\u0103rare, declara\u021bii, procuri, testamente, contracte de dona\u021bie, contracte de \u00eenchiriere, contracte de ipotec\u0103 imobiliar\u0103 etc.<\/p>\n<\/div>\n\n\n\n<div class=\"wp-block-column is-layout-flow wp-container-core-column-is-layout-6b73ce23 wp-block-column-is-layout-flow\">\n<figure class=\"wp-block-image aligncenter size-full\"><img loading=\"lazy\" decoding=\"async\" width=\"266\" height=\"170\" src=\"https:\/\/notari-danvalericasiasociatii.ro\/wp-content\/uploads\/2025\/03\/Screenshot-from-2025-03-06-19-38-26.png\" alt=\"\" class=\"wp-image-82\"\/><\/figure>\n\n\n\n<h4 class=\"wp-block-heading has-text-align-center\" style=\"margin-top:16px\">Procuri<\/h4>\n\n\n\n<p class=\"has-text-align-center\"><strong>\u2705 Procuri<\/strong> \u2013 \u00eemputerniciri generale \u0219i speciale pentru diverse opera\u021biuni.<br><strong>\u2705<\/strong> Procur\u0103 pentru v\u00e2nzarea imobilelor, procur\u0103 pentru cump\u0103rarea imobilelor, procedur\u0103 de administrare a bunurilor imobile.<\/p>\n<\/div>\n\n\n\n<div class=\"wp-block-column is-vertically-aligned-top is-layout-flow wp-container-core-column-is-layout-6b73ce23 wp-block-column-is-layout-flow\">\n<figure class=\"wp-block-image aligncenter size-full\"><img loading=\"lazy\" decoding=\"async\" width=\"251\" height=\"166\" src=\"https:\/\/notari-danvalericasiasociatii.ro\/wp-content\/uploads\/2025\/03\/Screenshot-from-2025-03-06-19-39-17.png\" alt=\"\" class=\"wp-image-83\"\/><\/figure>\n\n\n\n<h4 class=\"wp-block-heading has-text-align-center\" style=\"margin-top:16px\">Proceduri notariale<\/h4>\n\n\n\n<p class=\"has-text-align-center\"><strong>\u2705 Legalizarea documentelor:<\/strong> copii certificate, traduceri autorizate.<br><strong>\u2705 Succesiuni:<\/strong> gestionarea procedurilor succesorale \u0219i eliberarea certificatelor de mo\u0219tenitor.<br><strong>\u2705 Contracte:<\/strong> redactarea \u0219i autentificarea contractelor civile \u0219i comerciale.<br><strong>\u2705 Consultan\u021b\u0103 notarial\u0103:<\/strong> asisten\u021b\u0103 \u0219i \u00eendrumare pentru orice aspect juridic notarial.<\/p>\n<\/div>\n<\/div>\n<\/div>\n\n\n\n<div class=\"wp-block-group alignfull has-white-background-color has-background is-layout-constrained wp-block-group-is-layout-constrained\" id=\"desprenoi\" style=\"padding-top:144px;padding-bottom:144px\">\n<h3 class=\"wp-block-heading\">De ce s\u0103 ne alege\u021bi?<\/h3>\n\n\n\n<div class=\"wp-block-columns is-layout-flex wp-container-core-columns-is-layout-29aadeec wp-block-columns-is-layout-flex\" style=\"margin-top:60px\">\n<div class=\"wp-block-column is-layout-flow wp-container-core-column-is-layout-6b73ce23 wp-block-column-is-layout-flow\">\n<figure class=\"wp-block-image aligncenter size-large\"><img decoding=\"async\" src=\"https:\/\/opschedule.ro\/wp-content\/themes\/astra\/inc\/assets\/images\/starter-content\/passionate.svg\" alt=\"\" class=\"wp-image-162\"\/><\/figure>\n\n\n\n<h4 class=\"wp-block-heading\" style=\"margin-top:16px\">Profesionalism<\/h4>\n\n\n\n<p>Abord\u0103m fiecare caz cu seriozitate, aten\u021bie la detalii \u0219i expertiz\u0103 juridic\u0103 solid\u0103<\/p>\n<\/div>\n\n\n\n<div class=\"wp-block-column is-layout-flow wp-container-core-column-is-layout-6b73ce23 wp-block-column-is-layout-flow\">\n<figure class=\"wp-block-image aligncenter size-large\"><img decoding=\"async\" src=\"https:\/\/opschedule.ro\/wp-content\/themes\/astra\/inc\/assets\/images\/starter-content\/professional.svg\" alt=\"\" class=\"wp-image-163\"\/><\/figure>\n\n\n\n<h4 class=\"wp-block-heading\" style=\"margin-top:16px\">Transparen\u021b\u0103<\/h4>\n\n\n\n<p>Explic\u0103m clar \u0219i concis fiecare procedur\u0103, astfel \u00eenc\u00e2t clien\u021bii no\u0219tri s\u0103 fie mereu informa\u021bi<\/p>\n<\/div>\n\n\n\n<div class=\"wp-block-column is-layout-flow wp-container-core-column-is-layout-6b73ce23 wp-block-column-is-layout-flow\">\n<figure class=\"wp-block-image aligncenter size-large\"><img decoding=\"async\" src=\"https:\/\/opschedule.ro\/wp-content\/themes\/astra\/inc\/assets\/images\/starter-content\/support.svg\" alt=\"\" class=\"wp-image-164\"\/><\/figure>\n\n\n\n<h4 class=\"wp-block-heading\" style=\"margin-top:16px\">Integritate<\/h4>\n\n\n\n<p>Respect\u0103m cu stricte\u021be etica profesional\u0103 \u0219i legisla\u021bia, garant\u00e2nd confiden\u021bialitatea fiec\u0103rui document<\/p>\n<\/div>\n<\/div>\n<\/div>\n\n\n\n<p><\/p>\n","protected":false},"excerpt":{"rendered":"<p>Societate Profesional\u0103 Notarial\u0103 Valerica Dan \u0219i asocia\u021bii Notari publici: Valerica Dan Manda Bogdan-Constantin Toma Ionela-Laura Bun venit ! Biroul notarial [&hellip;]<\/p>\n","protected":false},"author":1,"featured_media":0,"parent":0,"menu_order":0,"comment_status":"closed","ping_status":"closed","template":"","meta":{"site-sidebar-layout":"default","site-content-layout":"","ast-site-content-layout":"","site-content-style":"default","site-sidebar-style":"default","ast-global-header-display":"","ast-banner-title-visibility":"","ast-main-header-display":"","ast-hfb-above-header-display":"","ast-hfb-below-header-display":"","ast-hfb-mobile-header-display":"","site-post-title":"disabled","ast-breadcrumbs-content":"","ast-featured-img":"","footer-sml-layout":"","ast-disable-related-posts":"","theme-transparent-header-meta":"","adv-header-id-meta":"","stick-header-meta":"","header-above-stick-meta":"","header-main-stick-meta":"","header-below-stick-meta":"","astra-migrate-meta-layouts":"default","ast-page-background-enabled":"default","ast-page-background-meta":{"desktop":{"background-color":"var(--ast-global-color-5)","background-image":"","background-repeat":"repeat","background-position":"center center","background-size":"auto","background-attachment":"scroll","background-type":"","background-media":"","overlay-type":"","overlay-color":"","overlay-opacity":"","overlay-gradient":""},"tablet":{"background-color":"","background-image":"","background-repeat":"repeat","background-position":"center center","background-size":"auto","background-attachment":"scroll","background-type":"","background-media":"","overlay-type":"","overlay-color":"","overlay-opacity":"","overlay-gradient":""},"mobile":{"background-color":"","background-image":"","background-repeat":"repeat","background-position":"center center","background-size":"auto","background-attachment":"scroll","background-type":"","background-media":"","overlay-type":"","overlay-color":"","overlay-opacity":"","overlay-gradient":""}},"ast-content-background-meta":{"desktop":{"background-color":"var(--ast-global-color-4)","background-image":"","background-repeat":"repeat","background-position":"center center","background-size":"auto","background-attachment":"scroll","background-type":"","background-media":"","overlay-type":"","overlay-color":"","overlay-opacity":"","overlay-gradient":""},"tablet":{"background-color":"var(--ast-global-color-4)","background-image":"","background-repeat":"repeat","background-position":"center center","background-size":"auto","background-attachment":"scroll","background-type":"","background-media":"","overlay-type":"","overlay-color":"","overlay-opacity":"","overlay-gradient":""},"mobile":{"background-color":"var(--ast-global-color-4)","background-image":"","background-repeat":"repeat","background-position":"center center","background-size":"auto","background-attachment":"scroll","background-type":"","background-media":"","overlay-type":"","overlay-color":"","overlay-opacity":"","overlay-gradient":""}},"footnotes":""},"class_list":["post-9","page","type-page","status-publish","hentry"],"yoast_head":"<!-- This site is optimized with the Yoast SEO plugin v26.5 - https:\/\/yoast.com\/wordpress\/plugins\/seo\/ -->\n<title>Acasa -<\/title>\n<meta name=\"description\" content=\"Birou Notarial Sibiu Dan Valerica si Asociatii \u2013 Manda Bogdan Toma Ionela Notari Sibiu Dan Valerica, Manda Bogdan, Toma Ionela Servicii notariale Sibiu \u2013 acte, autentificari, consultanta\" \/>\n<meta name=\"robots\" content=\"index, follow, max-snippet:-1, max-image-preview:large, max-video-preview:-1\" \/>\n<link rel=\"canonical\" href=\"https:\/\/notari-danvalericasiasociatii.ro\/\" \/>\n<meta property=\"og:locale\" content=\"en_US\" \/>\n<meta property=\"og:type\" content=\"article\" \/>\n<meta property=\"og:title\" content=\"Acasa -\" \/>\n<meta property=\"og:description\" content=\"Birou Notarial Sibiu Dan Valerica si Asociatii \u2013 Manda Bogdan Toma Ionela Notari Sibiu Dan Valerica, Manda Bogdan, Toma Ionela Servicii notariale Sibiu \u2013 acte, autentificari, consultanta\" \/>\n<meta property=\"og:url\" content=\"https:\/\/notari-danvalericasiasociatii.ro\/\" \/>\n<meta property=\"article:modified_time\" content=\"2026-01-12T09:45:56+00:00\" \/>\n<meta property=\"og:image\" content=\"https:\/\/notari-danvalericasiasociatii.ro\/wp-content\/uploads\/2025\/03\/Screenshot-from-2025-03-06-19-36-53.png\" \/>\n\t<meta property=\"og:image:width\" content=\"266\" \/>\n\t<meta property=\"og:image:height\" content=\"170\" \/>\n\t<meta property=\"og:image:type\" content=\"image\/png\" \/>\n<meta name=\"twitter:card\" content=\"summary_large_image\" \/>\n<meta name=\"twitter:label1\" content=\"Est. reading time\" \/>\n\t<meta name=\"twitter:data1\" content=\"3 minutes\" \/>\n<script type=\"application\/ld+json\" class=\"yoast-schema-graph\">{\"@context\":\"https:\/\/schema.org\",\"@graph\":[{\"@type\":\"WebPage\",\"@id\":\"https:\/\/notari-danvalericasiasociatii.ro\/\",\"url\":\"https:\/\/notari-danvalericasiasociatii.ro\/\",\"name\":\"Acasa -\",\"isPartOf\":{\"@id\":\"https:\/\/notari-danvalericasiasociatii.ro\/#website\"},\"primaryImageOfPage\":{\"@id\":\"https:\/\/notari-danvalericasiasociatii.ro\/#primaryimage\"},\"image\":{\"@id\":\"https:\/\/notari-danvalericasiasociatii.ro\/#primaryimage\"},\"thumbnailUrl\":\"https:\/\/notari-danvalericasiasociatii.ro\/wp-content\/uploads\/2025\/03\/Screenshot-from-2025-03-06-19-36-53.png\",\"datePublished\":\"2025-03-03T20:41:40+00:00\",\"dateModified\":\"2026-01-12T09:45:56+00:00\",\"description\":\"Birou Notarial Sibiu Dan Valerica si Asociatii \u2013 Manda Bogdan Toma Ionela Notari Sibiu Dan Valerica, Manda Bogdan, Toma Ionela Servicii notariale Sibiu \u2013 acte, autentificari, consultanta\",\"breadcrumb\":{\"@id\":\"https:\/\/notari-danvalericasiasociatii.ro\/#breadcrumb\"},\"inLanguage\":\"en-US\",\"potentialAction\":[{\"@type\":\"ReadAction\",\"target\":[\"https:\/\/notari-danvalericasiasociatii.ro\/\"]}]},{\"@type\":\"ImageObject\",\"inLanguage\":\"en-US\",\"@id\":\"https:\/\/notari-danvalericasiasociatii.ro\/#primaryimage\",\"url\":\"https:\/\/notari-danvalericasiasociatii.ro\/wp-content\/uploads\/2025\/03\/Screenshot-from-2025-03-06-19-36-53.png\",\"contentUrl\":\"https:\/\/notari-danvalericasiasociatii.ro\/wp-content\/uploads\/2025\/03\/Screenshot-from-2025-03-06-19-36-53.png\",\"width\":266,\"height\":170},{\"@type\":\"BreadcrumbList\",\"@id\":\"https:\/\/notari-danvalericasiasociatii.ro\/#breadcrumb\",\"itemListElement\":[{\"@type\":\"ListItem\",\"position\":1,\"name\":\"Home\",\"item\":\"https:\/\/notari-danvalericasiasociatii.ro\/\"},{\"@type\":\"ListItem\",\"position\":2,\"name\":\"Acasa\"}]},{\"@type\":\"WebSite\",\"@id\":\"https:\/\/notari-danvalericasiasociatii.ro\/#website\",\"url\":\"https:\/\/notari-danvalericasiasociatii.ro\/\",\"name\":\"\",\"description\":\"\",\"potentialAction\":[{\"@type\":\"SearchAction\",\"target\":{\"@type\":\"EntryPoint\",\"urlTemplate\":\"https:\/\/notari-danvalericasiasociatii.ro\/?s={search_term_string}\"},\"query-input\":{\"@type\":\"PropertyValueSpecification\",\"valueRequired\":true,\"valueName\":\"search_term_string\"}}],\"inLanguage\":\"en-US\"}]}<\/script>\n<!-- \/ Yoast SEO plugin. -->","yoast_head_json":{"title":"Acasa -","description":"Birou Notarial Sibiu Dan Valerica si Asociatii \u2013 Manda Bogdan Toma Ionela Notari Sibiu Dan Valerica, Manda Bogdan, Toma Ionela Servicii notariale Sibiu \u2013 acte, autentificari, consultanta","robots":{"index":"index","follow":"follow","max-snippet":"max-snippet:-1","max-image-preview":"max-image-preview:large","max-video-preview":"max-video-preview:-1"},"canonical":"https:\/\/notari-danvalericasiasociatii.ro\/","og_locale":"en_US","og_type":"article","og_title":"Acasa -","og_description":"Birou Notarial Sibiu Dan Valerica si Asociatii \u2013 Manda Bogdan Toma Ionela Notari Sibiu Dan Valerica, Manda Bogdan, Toma Ionela Servicii notariale Sibiu \u2013 acte, autentificari, consultanta","og_url":"https:\/\/notari-danvalericasiasociatii.ro\/","article_modified_time":"2026-01-12T09:45:56+00:00","og_image":[{"width":266,"height":170,"url":"https:\/\/notari-danvalericasiasociatii.ro\/wp-content\/uploads\/2025\/03\/Screenshot-from-2025-03-06-19-36-53.png","type":"image\/png"}],"twitter_card":"summary_large_image","twitter_misc":{"Est. reading time":"3 minutes"},"schema":{"@context":"https:\/\/schema.org","@graph":[{"@type":"WebPage","@id":"https:\/\/notari-danvalericasiasociatii.ro\/","url":"https:\/\/notari-danvalericasiasociatii.ro\/","name":"Acasa -","isPartOf":{"@id":"https:\/\/notari-danvalericasiasociatii.ro\/#website"},"primaryImageOfPage":{"@id":"https:\/\/notari-danvalericasiasociatii.ro\/#primaryimage"},"image":{"@id":"https:\/\/notari-danvalericasiasociatii.ro\/#primaryimage"},"thumbnailUrl":"https:\/\/notari-danvalericasiasociatii.ro\/wp-content\/uploads\/2025\/03\/Screenshot-from-2025-03-06-19-36-53.png","datePublished":"2025-03-03T20:41:40+00:00","dateModified":"2026-01-12T09:45:56+00:00","description":"Birou Notarial Sibiu Dan Valerica si Asociatii \u2013 Manda Bogdan Toma Ionela Notari Sibiu Dan Valerica, Manda Bogdan, Toma Ionela Servicii notariale Sibiu \u2013 acte, autentificari, consultanta","breadcrumb":{"@id":"https:\/\/notari-danvalericasiasociatii.ro\/#breadcrumb"},"inLanguage":"en-US","potentialAction":[{"@type":"ReadAction","target":["https:\/\/notari-danvalericasiasociatii.ro\/"]}]},{"@type":"ImageObject","inLanguage":"en-US","@id":"https:\/\/notari-danvalericasiasociatii.ro\/#primaryimage","url":"https:\/\/notari-danvalericasiasociatii.ro\/wp-content\/uploads\/2025\/03\/Screenshot-from-2025-03-06-19-36-53.png","contentUrl":"https:\/\/notari-danvalericasiasociatii.ro\/wp-content\/uploads\/2025\/03\/Screenshot-from-2025-03-06-19-36-53.png","width":266,"height":170},{"@type":"BreadcrumbList","@id":"https:\/\/notari-danvalericasiasociatii.ro\/#breadcrumb","itemListElement":[{"@type":"ListItem","position":1,"name":"Home","item":"https:\/\/notari-danvalericasiasociatii.ro\/"},{"@type":"ListItem","position":2,"name":"Acasa"}]},{"@type":"WebSite","@id":"https:\/\/notari-danvalericasiasociatii.ro\/#website","url":"https:\/\/notari-danvalericasiasociatii.ro\/","name":"","description":"","potentialAction":[{"@type":"SearchAction","target":{"@type":"EntryPoint","urlTemplate":"https:\/\/notari-danvalericasiasociatii.ro\/?s={search_term_string}"},"query-input":{"@type":"PropertyValueSpecification","valueRequired":true,"valueName":"search_term_string"}}],"inLanguage":"en-US"}]}},"_links":{"self":[{"href":"https:\/\/notari-danvalericasiasociatii.ro\/index.php\/wp-json\/wp\/v2\/pages\/9","targetHints":{"allow":["GET"]}}],"collection":[{"href":"https:\/\/notari-danvalericasiasociatii.ro\/index.php\/wp-json\/wp\/v2\/pages"}],"about":[{"href":"https:\/\/notari-danvalericasiasociatii.ro\/index.php\/wp-json\/wp\/v2\/types\/page"}],"author":[{"embeddable":true,"href":"https:\/\/notari-danvalericasiasociatii.ro\/index.php\/wp-json\/wp\/v2\/users\/1"}],"replies":[{"embeddable":true,"href":"https:\/\/notari-danvalericasiasociatii.ro\/index.php\/wp-json\/wp\/v2\/comments?post=9"}],"version-history":[{"count":59,"href":"https:\/\/notari-danvalericasiasociatii.ro\/index.php\/wp-json\/wp\/v2\/pages\/9\/revisions"}],"predecessor-version":[{"id":399,"href":"https:\/\/notari-danvalericasiasociatii.ro\/index.php\/wp-json\/wp\/v2\/pages\/9\/revisions\/399"}],"wp:attachment":[{"href":"https:\/\/notari-danvalericasiasociatii.ro\/index.php\/wp-json\/wp\/v2\/media?parent=9"}],"curies":[{"name":"wp","href":"https:\/\/api.w.org\/{rel}","templated":true}]}}